{"id":2114,"date":"2023-03-10T10:59:49","date_gmt":"2023-03-10T10:59:49","guid":{"rendered":"https:\/\/dwb-solutions.com\/GRC\/?page_id=2114"},"modified":"2025-11-24T20:34:34","modified_gmt":"2025-11-24T20:34:34","slug":"materiels-obligatoires","status":"publish","type":"page","link":"https:\/\/www.grandraid-cathares.fr\/index.php\/materiels-obligatoires\/","title":{"rendered":"Mat\u00e9riels obligatoires"},"content":{"rendered":"\t\t<div data-elementor-type=\"wp-page\" data-elementor-id=\"2114\" class=\"elementor elementor-2114\" data-elementor-post-type=\"page\">\n\t\t\t\t<div class=\"elementor-element elementor-element-9a18f57 e-flex e-con-boxed e-con e-parent\" data-id=\"9a18f57\" data-element_type=\"container\" data-e-type=\"container\" data-settings=\"{&quot;background_background&quot;:&quot;classic&quot;}\">\n\t\t\t\t\t<div class=\"e-con-inner\">\n\t\t\t\t\t<\/div>\n\t\t\t\t<\/div>\n\t\t\t\t<section class=\"elementor-section elementor-top-section elementor-element elementor-element-efe3f72 elementor-section-height-min-height elementor-section-items-bottom elementor-section-content-middle elementor-section-boxed elementor-section-height-default\" data-id=\"efe3f72\" data-element_type=\"section\" data-e-type=\"section\" data-settings=\"{&quot;background_background&quot;:&quot;classic&quot;}\">\n\t\t\t\t\t\t<div class=\"elementor-container elementor-column-gap-default\">\n\t\t\t\t\t<div class=\"elementor-column elementor-col-14 elementor-top-column elementor-element elementor-element-ed5a39d\" data-id=\"ed5a39d\" data-element_type=\"column\" data-e-type=\"column\">\n\t\t\t<div class=\"elementor-widget-wrap elementor-element-populated\">\n\t\t\t\t\t\t<div class=\"elementor-element elementor-element-f7f4bbe elementor-widget elementor-widget-image\" data-id=\"f7f4bbe\" data-element_type=\"widget\" data-e-type=\"widget\" data-widget_type=\"image.default\">\n\t\t\t\t<div class=\"elementor-widget-container\">\n\t\t\t\t\t\t\t\t\t\t\t\t\t\t\t\t<a href=\"https:\/\/www.grandraid-cathares.fr\/index.php\/grand-raid-des-cathares\/\">\n\t\t\t\t\t\t\t<img decoding=\"async\" width=\"150\" height=\"150\" src=\"https:\/\/www.grandraid-cathares.fr\/wp-content\/uploads\/2025\/11\/logo-anneau-couleur-GRC-2026-150x150.png\" class=\"elementor-animation-grow attachment-thumbnail size-thumbnail wp-image-6886\" alt=\"\" srcset=\"https:\/\/www.grandraid-cathares.fr\/wp-content\/uploads\/2025\/11\/logo-anneau-couleur-GRC-2026-150x150.png 150w, https:\/\/www.grandraid-cathares.fr\/wp-content\/uploads\/2025\/11\/logo-anneau-couleur-GRC-2026-300x300.png 300w, https:\/\/www.grandraid-cathares.fr\/wp-content\/uploads\/2025\/11\/logo-anneau-couleur-GRC-2026.png 600w\" sizes=\"(max-width: 150px) 100vw, 150px\" \/>\t\t\t\t\t\t\t\t<\/a>\n\t\t\t\t\t\t\t\t\t\t\t\t\t\t\t<\/div>\n\t\t\t\t<\/div>\n\t\t\t\t\t<\/div>\n\t\t<\/div>\n\t\t\t\t<div class=\"elementor-column elementor-col-14 elementor-top-column elementor-element elementor-element-361f905\" data-id=\"361f905\" data-element_type=\"column\" data-e-type=\"column\">\n\t\t\t<div class=\"elementor-widget-wrap elementor-element-populated\">\n\t\t\t\t\t\t<div class=\"elementor-element elementor-element-a180c0c elementor-widget elementor-widget-image\" data-id=\"a180c0c\" data-element_type=\"widget\" data-e-type=\"widget\" data-widget_type=\"image.default\">\n\t\t\t\t<div class=\"elementor-widget-container\">\n\t\t\t\t\t\t\t\t\t\t\t\t\t\t\t\t<a href=\"https:\/\/www.grandraid-cathares.fr\/index.php\/raid-des-bogomiles\/\">\n\t\t\t\t\t\t\t<img decoding=\"async\" width=\"150\" height=\"150\" src=\"https:\/\/www.grandraid-cathares.fr\/wp-content\/uploads\/2025\/11\/logo-anneau-couleur-RB-2026-150x150.png\" class=\"elementor-animation-grow attachment-thumbnail size-thumbnail wp-image-6888\" alt=\"\" srcset=\"https:\/\/www.grandraid-cathares.fr\/wp-content\/uploads\/2025\/11\/logo-anneau-couleur-RB-2026-150x150.png 150w, https:\/\/www.grandraid-cathares.fr\/wp-content\/uploads\/2025\/11\/logo-anneau-couleur-RB-2026-300x300.png 300w, https:\/\/www.grandraid-cathares.fr\/wp-content\/uploads\/2025\/11\/logo-anneau-couleur-RB-2026.png 600w\" sizes=\"(max-width: 150px) 100vw, 150px\" \/>\t\t\t\t\t\t\t\t<\/a>\n\t\t\t\t\t\t\t\t\t\t\t\t\t\t\t<\/div>\n\t\t\t\t<\/div>\n\t\t\t\t\t<\/div>\n\t\t<\/div>\n\t\t\t\t<div class=\"elementor-column elementor-col-14 elementor-top-column elementor-element elementor-element-a8cd487\" data-id=\"a8cd487\" data-element_type=\"column\" data-e-type=\"column\">\n\t\t\t<div class=\"elementor-widget-wrap elementor-element-populated\">\n\t\t\t\t\t\t<div class=\"elementor-element elementor-element-82c3311 elementor-widget elementor-widget-image\" data-id=\"82c3311\" data-element_type=\"widget\" data-e-type=\"widget\" data-widget_type=\"image.default\">\n\t\t\t\t<div class=\"elementor-widget-container\">\n\t\t\t\t\t\t\t\t\t\t\t\t\t\t\t\t<a href=\"https:\/\/www.grandraid-cathares.fr\/index.php\/trail-des-heretiques\/\">\n\t\t\t\t\t\t\t<img decoding=\"async\" width=\"150\" height=\"150\" src=\"https:\/\/www.grandraid-cathares.fr\/wp-content\/uploads\/2025\/11\/logo-anneau-couleur-GTT-2026-150x150.png\" class=\"elementor-animation-grow attachment-thumbnail size-thumbnail wp-image-6887\" alt=\"\" srcset=\"https:\/\/www.grandraid-cathares.fr\/wp-content\/uploads\/2025\/11\/logo-anneau-couleur-GTT-2026-150x150.png 150w, https:\/\/www.grandraid-cathares.fr\/wp-content\/uploads\/2025\/11\/logo-anneau-couleur-GTT-2026-300x300.png 300w, https:\/\/www.grandraid-cathares.fr\/wp-content\/uploads\/2025\/11\/logo-anneau-couleur-GTT-2026.png 600w\" sizes=\"(max-width: 150px) 100vw, 150px\" \/>\t\t\t\t\t\t\t\t<\/a>\n\t\t\t\t\t\t\t\t\t\t\t\t\t\t\t<\/div>\n\t\t\t\t<\/div>\n\t\t\t\t\t<\/div>\n\t\t<\/div>\n\t\t\t\t<div class=\"elementor-column elementor-col-14 elementor-top-column elementor-element elementor-element-d0fa7f8\" data-id=\"d0fa7f8\" data-element_type=\"column\" data-e-type=\"column\">\n\t\t\t<div class=\"elementor-widget-wrap elementor-element-populated\">\n\t\t\t\t\t\t<div class=\"elementor-element elementor-element-9408ec7 elementor-widget elementor-widget-image\" data-id=\"9408ec7\" data-element_type=\"widget\" data-e-type=\"widget\" data-widget_type=\"image.default\">\n\t\t\t\t<div class=\"elementor-widget-container\">\n\t\t\t\t\t\t\t\t\t\t\t\t\t\t\t\t<a href=\"https:\/\/www.grandraid-cathares.fr\/index.php\/trail-des-heretiques\/\">\n\t\t\t\t\t\t\t<img loading=\"lazy\" decoding=\"async\" width=\"150\" height=\"150\" src=\"https:\/\/www.grandraid-cathares.fr\/wp-content\/uploads\/2025\/11\/logo-anneau-couleur-TH-2026-150x150.png\" class=\"elementor-animation-grow attachment-thumbnail size-thumbnail wp-image-6889\" alt=\"\" srcset=\"https:\/\/www.grandraid-cathares.fr\/wp-content\/uploads\/2025\/11\/logo-anneau-couleur-TH-2026-150x150.png 150w, https:\/\/www.grandraid-cathares.fr\/wp-content\/uploads\/2025\/11\/logo-anneau-couleur-TH-2026-300x300.png 300w, https:\/\/www.grandraid-cathares.fr\/wp-content\/uploads\/2025\/11\/logo-anneau-couleur-TH-2026.png 600w\" sizes=\"(max-width: 150px) 100vw, 150px\" \/>\t\t\t\t\t\t\t\t<\/a>\n\t\t\t\t\t\t\t\t\t\t\t\t\t\t\t<\/div>\n\t\t\t\t<\/div>\n\t\t\t\t\t<\/div>\n\t\t<\/div>\n\t\t\t\t<div class=\"elementor-column elementor-col-14 elementor-top-column elementor-element elementor-element-c93537c\" data-id=\"c93537c\" data-element_type=\"column\" data-e-type=\"column\">\n\t\t\t<div class=\"elementor-widget-wrap elementor-element-populated\">\n\t\t\t\t\t\t<div class=\"elementor-element elementor-element-eb82654 elementor-widget elementor-widget-image\" data-id=\"eb82654\" data-element_type=\"widget\" data-e-type=\"widget\" data-widget_type=\"image.default\">\n\t\t\t\t<div class=\"elementor-widget-container\">\n\t\t\t\t\t\t\t\t\t\t\t\t\t\t\t\t<a href=\"https:\/\/www.grandraid-cathares.fr\/index.php\/trail-des-colombes\/\">\n\t\t\t\t\t\t\t<img loading=\"lazy\" decoding=\"async\" width=\"150\" height=\"150\" src=\"https:\/\/www.grandraid-cathares.fr\/wp-content\/uploads\/2025\/11\/logo_anneau_couleur_TC-2026-150x150.png\" class=\"elementor-animation-grow attachment-thumbnail size-thumbnail wp-image-6891\" alt=\"\" srcset=\"https:\/\/www.grandraid-cathares.fr\/wp-content\/uploads\/2025\/11\/logo_anneau_couleur_TC-2026-150x150.png 150w, https:\/\/www.grandraid-cathares.fr\/wp-content\/uploads\/2025\/11\/logo_anneau_couleur_TC-2026-300x300.png 300w, https:\/\/www.grandraid-cathares.fr\/wp-content\/uploads\/2025\/11\/logo_anneau_couleur_TC-2026.png 600w\" sizes=\"(max-width: 150px) 100vw, 150px\" \/>\t\t\t\t\t\t\t\t<\/a>\n\t\t\t\t\t\t\t\t\t\t\t\t\t\t\t<\/div>\n\t\t\t\t<\/div>\n\t\t\t\t\t<\/div>\n\t\t<\/div>\n\t\t\t\t<div class=\"elementor-column elementor-col-14 elementor-top-column elementor-element elementor-element-96f76b6\" data-id=\"96f76b6\" data-element_type=\"column\" data-e-type=\"column\">\n\t\t\t<div class=\"elementor-widget-wrap elementor-element-populated\">\n\t\t\t\t\t\t<div class=\"elementor-element elementor-element-12305ed elementor-widget elementor-widget-image\" data-id=\"12305ed\" data-element_type=\"widget\" data-e-type=\"widget\" data-widget_type=\"image.default\">\n\t\t\t\t<div class=\"elementor-widget-container\">\n\t\t\t\t\t\t\t\t\t\t\t\t\t\t\t\t<a href=\"https:\/\/www.grandraid-cathares.fr\/index.php\/trail-des-patarins\/\">\n\t\t\t\t\t\t\t<img loading=\"lazy\" decoding=\"async\" width=\"150\" height=\"150\" src=\"https:\/\/www.grandraid-cathares.fr\/wp-content\/uploads\/2025\/11\/Logo-anneau-couleur-TP-2026-150x150.png\" class=\"elementor-animation-grow attachment-thumbnail size-thumbnail wp-image-6904\" alt=\"\" srcset=\"https:\/\/www.grandraid-cathares.fr\/wp-content\/uploads\/2025\/11\/Logo-anneau-couleur-TP-2026-150x150.png 150w, https:\/\/www.grandraid-cathares.fr\/wp-content\/uploads\/2025\/11\/Logo-anneau-couleur-TP-2026-300x300.png 300w, https:\/\/www.grandraid-cathares.fr\/wp-content\/uploads\/2025\/11\/Logo-anneau-couleur-TP-2026.png 600w\" sizes=\"(max-width: 150px) 100vw, 150px\" \/>\t\t\t\t\t\t\t\t<\/a>\n\t\t\t\t\t\t\t\t\t\t\t\t\t\t\t<\/div>\n\t\t\t\t<\/div>\n\t\t\t\t\t<\/div>\n\t\t<\/div>\n\t\t\t\t<div class=\"elementor-column elementor-col-14 elementor-top-column elementor-element elementor-element-d5534ea\" data-id=\"d5534ea\" data-element_type=\"column\" data-e-type=\"column\">\n\t\t\t<div class=\"elementor-widget-wrap elementor-element-populated\">\n\t\t\t\t\t\t<div class=\"elementor-element elementor-element-75ef736 elementor-widget elementor-widget-image\" data-id=\"75ef736\" data-element_type=\"widget\" data-e-type=\"widget\" data-widget_type=\"image.default\">\n\t\t\t\t<div class=\"elementor-widget-container\">\n\t\t\t\t\t\t\t\t\t\t\t\t\t\t\t\t<a href=\"https:\/\/www.grandraid-cathares.fr\/index.php\/trail-nocturne-du-chateau-comtal\/\">\n\t\t\t\t\t\t\t<img loading=\"lazy\" decoding=\"async\" width=\"150\" height=\"150\" src=\"https:\/\/www.grandraid-cathares.fr\/wp-content\/uploads\/2025\/11\/logo-anneau-couleur-TNCC-2026-150x150.png\" class=\"elementor-animation-grow attachment-thumbnail size-thumbnail wp-image-6890\" alt=\"\" srcset=\"https:\/\/www.grandraid-cathares.fr\/wp-content\/uploads\/2025\/11\/logo-anneau-couleur-TNCC-2026-150x150.png 150w, https:\/\/www.grandraid-cathares.fr\/wp-content\/uploads\/2025\/11\/logo-anneau-couleur-TNCC-2026-300x300.png 300w, https:\/\/www.grandraid-cathares.fr\/wp-content\/uploads\/2025\/11\/logo-anneau-couleur-TNCC-2026.png 600w\" sizes=\"(max-width: 150px) 100vw, 150px\" \/>\t\t\t\t\t\t\t\t<\/a>\n\t\t\t\t\t\t\t\t\t\t\t\t\t\t\t<\/div>\n\t\t\t\t<\/div>\n\t\t\t\t\t<\/div>\n\t\t<\/div>\n\t\t\t\t\t<\/div>\n\t\t<\/section>\n\t\t<div class=\"elementor-element elementor-element-ab2b4a5 e-flex e-con-boxed e-con e-parent\" data-id=\"ab2b4a5\" data-element_type=\"container\" data-e-type=\"container\">\n\t\t\t\t\t<div class=\"e-con-inner\">\n\t\t\t\t<div class=\"elementor-element elementor-element-43711a6 elementor-widget elementor-widget-heading\" data-id=\"43711a6\" data-element_type=\"widget\" data-e-type=\"widget\" data-widget_type=\"heading.default\">\n\t\t\t\t<div class=\"elementor-widget-container\">\n\t\t\t\t\t<h2 class=\"elementor-heading-title elementor-size-default\">MAT\u00c9RIEL OBLIGATOIRE <\/h2>\t\t\t\t<\/div>\n\t\t\t\t<\/div>\n\t\t\t\t<div class=\"elementor-element elementor-element-9b16565 elementor-widget elementor-widget-text-editor\" data-id=\"9b16565\" data-element_type=\"widget\" data-e-type=\"widget\" data-widget_type=\"text-editor.default\">\n\t\t\t\t<div class=\"elementor-widget-container\">\n\t\t\t\t\t\t\t\t\t<p><span data-contrast=\"auto\">POUR DES RAISONS \u00c9COLOGIQUES, <\/span><b><span data-contrast=\"auto\">AUCUN GOBELET<\/span><\/b><span data-contrast=\"auto\"> NE SERA PR\u00c9SENT SUR LES RAVITAILLEMENTS.<\/span><span data-ccp-props=\"{&quot;134233117&quot;:true,&quot;134233118&quot;:true,&quot;201341983&quot;:0,&quot;335559739&quot;:160,&quot;335559740&quot;:240}\">\u00a0<\/span><\/p><p><span data-contrast=\"auto\">VOTRE <\/span><b><span data-contrast=\"auto\">GOBELET PERSONNEL<\/span><\/b><span data-contrast=\"auto\"> EST DONC OBLIGATOIRE POUR BOIRE SUR LES RAVITAILLEMENTS.<\/span><span data-ccp-props=\"{&quot;134233117&quot;:true,&quot;134233118&quot;:true,&quot;201341983&quot;:0,&quot;335559739&quot;:160,&quot;335559740&quot;:240}\">\u00a0<\/span><\/p><p><span data-contrast=\"auto\">Si vous choisissez de prendre des b\u00e2tons, <span style=\"text-decoration: underline;\">c&#8217;est pour toute la dur\u00e9e de la course.<\/span><\/span><span style=\"text-decoration: underline;\">\u00a0<\/span><\/p><p><span data-contrast=\"auto\">L\u2019organisation se garde le droit de v\u00e9rifier le mat\u00e9riel obligatoire avant ou pendant la course et de refuser un \u00e9l\u00e9ment qui pourrait s&#8217;av\u00e9rer dangereux pour les participants :\u202f\u202f<\/span><span style=\"text-align: var(--text-align); font-family: -apple-system, BlinkMacSystemFont, 'Segoe UI', Roboto, 'Helvetica Neue', Arial, 'Noto Sans', sans-serif, 'Apple Color Emoji', 'Segoe UI Emoji', 'Segoe UI Symbol', 'Noto Color Emoji'; font-size: 1rem;\">\u00a0<\/span><\/p><p>Grand Raid des Cathares \u00a0: L\u00e9gende\u00a0:\u00a0 <strong>O<\/strong>\u00a0 Obligatoire | <strong>R\u00a0 <\/strong>Recommand\u00e9<\/p>\t\t\t\t\t\t\t\t<\/div>\n\t\t\t\t<\/div>\n\t\t\t\t<div class=\"elementor-element elementor-element-23ef35d elementor-widget elementor-widget-image\" data-id=\"23ef35d\" data-element_type=\"widget\" data-e-type=\"widget\" data-widget_type=\"image.default\">\n\t\t\t\t<div class=\"elementor-widget-container\">\n\t\t\t\t\t\t\t\t\t\t\t\t\t\t\t<img loading=\"lazy\" decoding=\"async\" width=\"800\" height=\"591\" src=\"https:\/\/www.grandraid-cathares.fr\/wp-content\/uploads\/2025\/11\/tableau-matos-3-1024x757.jpg\" class=\"attachment-large size-large wp-image-6925\" alt=\"\" srcset=\"https:\/\/www.grandraid-cathares.fr\/wp-content\/uploads\/2025\/11\/tableau-matos-3-1024x757.jpg 1024w, https:\/\/www.grandraid-cathares.fr\/wp-content\/uploads\/2025\/11\/tableau-matos-3-300x222.jpg 300w, https:\/\/www.grandraid-cathares.fr\/wp-content\/uploads\/2025\/11\/tableau-matos-3-768x568.jpg 768w, https:\/\/www.grandraid-cathares.fr\/wp-content\/uploads\/2025\/11\/tableau-matos-3-1536x1135.jpg 1536w, https:\/\/www.grandraid-cathares.fr\/wp-content\/uploads\/2025\/11\/tableau-matos-3-2048x1513.jpg 2048w\" sizes=\"(max-width: 800px) 100vw, 800px\" \/>\t\t\t\t\t\t\t\t\t\t\t\t\t\t\t<\/div>\n\t\t\t\t<\/div>\n\t\t\t\t\t<\/div>\n\t\t\t\t<\/div>\n\t\t\t\t<\/div>\n\t\t","protected":false},"excerpt":{"rendered":"<p>MAT\u00c9RIEL OBLIGATOIRE POUR DES RAISONS \u00c9COLOGIQUES, AUCUN GOBELET NE SERA PR\u00c9SENT SUR LES RAVITAILLEMENTS.\u00a0 VOTRE GOBELET PERSONNEL EST DONC OBLIGATOIRE POUR BOIRE SUR LES RAVITAILLEMENTS.\u00a0 Si vous choisissez de prendre des b\u00e2tons, c&#8217;est pour toute la dur\u00e9e de la course.\u00a0 L\u2019organisation se garde le droit de v\u00e9rifier le mat\u00e9riel obligatoire avant ou pendant la course [&hellip;]<\/p>\n","protected":false},"author":2,"featured_media":0,"parent":0,"menu_order":0,"comment_status":"closed","ping_status":"closed","template":"","meta":{"footnotes":""},"class_list":["post-2114","page","type-page","status-publish","hentry"],"yoast_head":"<!-- This site is optimized with the Yoast SEO plugin v27.4 - https:\/\/yoast.com\/product\/yoast-seo-wordpress\/ -->\n<title>Mat\u00e9riels obligatoires - Grand Raid des Cathares<\/title>\n<meta name=\"description\" content=\"D\u00e9couvrez les listes compl\u00e8tes pour chaque course du mat\u00e9riel obligatoire, ainsi que celui qui est recommand\u00e9 pour votre s\u00e9curit\u00e9.\" \/>\n<meta name=\"robots\" content=\"index, follow, max-snippet:-1, max-image-preview:large, max-video-preview:-1\" \/>\n<link rel=\"canonical\" href=\"https:\/\/www.grandraid-cathares.fr\/index.php\/materiels-obligatoires\/\" \/>\n<meta property=\"og:locale\" content=\"fr_FR\" \/>\n<meta property=\"og:type\" content=\"article\" \/>\n<meta property=\"og:title\" content=\"Mat\u00e9riels obligatoires - Grand Raid des Cathares\" \/>\n<meta property=\"og:description\" content=\"D\u00e9couvrez les listes compl\u00e8tes pour chaque course du mat\u00e9riel obligatoire, ainsi que celui qui est recommand\u00e9 pour votre s\u00e9curit\u00e9.\" \/>\n<meta property=\"og:url\" content=\"https:\/\/www.grandraid-cathares.fr\/index.php\/materiels-obligatoires\/\" \/>\n<meta property=\"og:site_name\" content=\"Grand Raid des Cathares\" \/>\n<meta property=\"article:modified_time\" content=\"2025-11-24T20:34:34+00:00\" \/>\n<meta property=\"og:image\" content=\"https:\/\/www.grandraid-cathares.fr\/wp-content\/uploads\/2025\/11\/logo-anneau-couleur-GRC-2026.png\" \/>\n\t<meta property=\"og:image:width\" content=\"600\" \/>\n\t<meta property=\"og:image:height\" content=\"600\" \/>\n\t<meta property=\"og:image:type\" content=\"image\/png\" \/>\n<meta name=\"twitter:card\" content=\"summary_large_image\" \/>\n<meta name=\"twitter:label1\" content=\"Dur\u00e9e de lecture estim\u00e9e\" \/>\n\t<meta name=\"twitter:data1\" content=\"2 minutes\" \/>\n<script type=\"application\/ld+json\" class=\"yoast-schema-graph\">{\"@context\":\"https:\\\/\\\/schema.org\",\"@graph\":[{\"@type\":\"WebPage\",\"@id\":\"https:\\\/\\\/www.grandraid-cathares.fr\\\/index.php\\\/materiels-obligatoires\\\/\",\"url\":\"https:\\\/\\\/www.grandraid-cathares.fr\\\/index.php\\\/materiels-obligatoires\\\/\",\"name\":\"Mat\u00e9riels obligatoires - Grand Raid des Cathares\",\"isPartOf\":{\"@id\":\"https:\\\/\\\/www.grandraid-cathares.fr\\\/#website\"},\"primaryImageOfPage\":{\"@id\":\"https:\\\/\\\/www.grandraid-cathares.fr\\\/index.php\\\/materiels-obligatoires\\\/#primaryimage\"},\"image\":{\"@id\":\"https:\\\/\\\/www.grandraid-cathares.fr\\\/index.php\\\/materiels-obligatoires\\\/#primaryimage\"},\"thumbnailUrl\":\"https:\\\/\\\/www.grandraid-cathares.fr\\\/wp-content\\\/uploads\\\/2025\\\/11\\\/logo-anneau-couleur-GRC-2026-150x150.png\",\"datePublished\":\"2023-03-10T10:59:49+00:00\",\"dateModified\":\"2025-11-24T20:34:34+00:00\",\"description\":\"D\u00e9couvrez les listes compl\u00e8tes pour chaque course du mat\u00e9riel obligatoire, ainsi que celui qui est recommand\u00e9 pour votre s\u00e9curit\u00e9.\",\"breadcrumb\":{\"@id\":\"https:\\\/\\\/www.grandraid-cathares.fr\\\/index.php\\\/materiels-obligatoires\\\/#breadcrumb\"},\"inLanguage\":\"fr-FR\",\"potentialAction\":[{\"@type\":\"ReadAction\",\"target\":[\"https:\\\/\\\/www.grandraid-cathares.fr\\\/index.php\\\/materiels-obligatoires\\\/\"]}]},{\"@type\":\"ImageObject\",\"inLanguage\":\"fr-FR\",\"@id\":\"https:\\\/\\\/www.grandraid-cathares.fr\\\/index.php\\\/materiels-obligatoires\\\/#primaryimage\",\"url\":\"https:\\\/\\\/www.grandraid-cathares.fr\\\/wp-content\\\/uploads\\\/2025\\\/11\\\/logo-anneau-couleur-GRC-2026.png\",\"contentUrl\":\"https:\\\/\\\/www.grandraid-cathares.fr\\\/wp-content\\\/uploads\\\/2025\\\/11\\\/logo-anneau-couleur-GRC-2026.png\",\"width\":600,\"height\":600},{\"@type\":\"BreadcrumbList\",\"@id\":\"https:\\\/\\\/www.grandraid-cathares.fr\\\/index.php\\\/materiels-obligatoires\\\/#breadcrumb\",\"itemListElement\":[{\"@type\":\"ListItem\",\"position\":1,\"name\":\"Accueil\",\"item\":\"https:\\\/\\\/www.grandraid-cathares.fr\\\/\"},{\"@type\":\"ListItem\",\"position\":2,\"name\":\"Mat\u00e9riels obligatoires\"}]},{\"@type\":\"WebSite\",\"@id\":\"https:\\\/\\\/www.grandraid-cathares.fr\\\/#website\",\"url\":\"https:\\\/\\\/www.grandraid-cathares.fr\\\/\",\"name\":\"Grand Raid des Cathares\",\"description\":\"\",\"publisher\":{\"@id\":\"https:\\\/\\\/www.grandraid-cathares.fr\\\/#organization\"},\"potentialAction\":[{\"@type\":\"SearchAction\",\"target\":{\"@type\":\"EntryPoint\",\"urlTemplate\":\"https:\\\/\\\/www.grandraid-cathares.fr\\\/?s={search_term_string}\"},\"query-input\":{\"@type\":\"PropertyValueSpecification\",\"valueRequired\":true,\"valueName\":\"search_term_string\"}}],\"inLanguage\":\"fr-FR\"},{\"@type\":\"Organization\",\"@id\":\"https:\\\/\\\/www.grandraid-cathares.fr\\\/#organization\",\"name\":\"Grand Raid des Cathares\",\"url\":\"https:\\\/\\\/www.grandraid-cathares.fr\\\/\",\"logo\":{\"@type\":\"ImageObject\",\"inLanguage\":\"fr-FR\",\"@id\":\"https:\\\/\\\/www.grandraid-cathares.fr\\\/#\\\/schema\\\/logo\\\/image\\\/\",\"url\":\"https:\\\/\\\/www.grandraid-cathares.fr\\\/wp-content\\\/uploads\\\/2022\\\/12\\\/LOGO-GRC-noire-pour-site-.png\",\"contentUrl\":\"https:\\\/\\\/www.grandraid-cathares.fr\\\/wp-content\\\/uploads\\\/2022\\\/12\\\/LOGO-GRC-noire-pour-site-.png\",\"width\":152,\"height\":150,\"caption\":\"Grand Raid des Cathares\"},\"image\":{\"@id\":\"https:\\\/\\\/www.grandraid-cathares.fr\\\/#\\\/schema\\\/logo\\\/image\\\/\"}}]}<\/script>\n<!-- \/ Yoast SEO plugin. -->","yoast_head_json":{"title":"Mat\u00e9riels obligatoires - Grand Raid des Cathares","description":"D\u00e9couvrez les listes compl\u00e8tes pour chaque course du mat\u00e9riel obligatoire, ainsi que celui qui est recommand\u00e9 pour votre s\u00e9curit\u00e9.","robots":{"index":"index","follow":"follow","max-snippet":"max-snippet:-1","max-image-preview":"max-image-preview:large","max-video-preview":"max-video-preview:-1"},"canonical":"https:\/\/www.grandraid-cathares.fr\/index.php\/materiels-obligatoires\/","og_locale":"fr_FR","og_type":"article","og_title":"Mat\u00e9riels obligatoires - Grand Raid des Cathares","og_description":"D\u00e9couvrez les listes compl\u00e8tes pour chaque course du mat\u00e9riel obligatoire, ainsi que celui qui est recommand\u00e9 pour votre s\u00e9curit\u00e9.","og_url":"https:\/\/www.grandraid-cathares.fr\/index.php\/materiels-obligatoires\/","og_site_name":"Grand Raid des Cathares","article_modified_time":"2025-11-24T20:34:34+00:00","og_image":[{"width":600,"height":600,"url":"https:\/\/www.grandraid-cathares.fr\/wp-content\/uploads\/2025\/11\/logo-anneau-couleur-GRC-2026.png","type":"image\/png"}],"twitter_card":"summary_large_image","twitter_misc":{"Dur\u00e9e de lecture estim\u00e9e":"2 minutes"},"schema":{"@context":"https:\/\/schema.org","@graph":[{"@type":"WebPage","@id":"https:\/\/www.grandraid-cathares.fr\/index.php\/materiels-obligatoires\/","url":"https:\/\/www.grandraid-cathares.fr\/index.php\/materiels-obligatoires\/","name":"Mat\u00e9riels obligatoires - Grand Raid des Cathares","isPartOf":{"@id":"https:\/\/www.grandraid-cathares.fr\/#website"},"primaryImageOfPage":{"@id":"https:\/\/www.grandraid-cathares.fr\/index.php\/materiels-obligatoires\/#primaryimage"},"image":{"@id":"https:\/\/www.grandraid-cathares.fr\/index.php\/materiels-obligatoires\/#primaryimage"},"thumbnailUrl":"https:\/\/www.grandraid-cathares.fr\/wp-content\/uploads\/2025\/11\/logo-anneau-couleur-GRC-2026-150x150.png","datePublished":"2023-03-10T10:59:49+00:00","dateModified":"2025-11-24T20:34:34+00:00","description":"D\u00e9couvrez les listes compl\u00e8tes pour chaque course du mat\u00e9riel obligatoire, ainsi que celui qui est recommand\u00e9 pour votre s\u00e9curit\u00e9.","breadcrumb":{"@id":"https:\/\/www.grandraid-cathares.fr\/index.php\/materiels-obligatoires\/#breadcrumb"},"inLanguage":"fr-FR","potentialAction":[{"@type":"ReadAction","target":["https:\/\/www.grandraid-cathares.fr\/index.php\/materiels-obligatoires\/"]}]},{"@type":"ImageObject","inLanguage":"fr-FR","@id":"https:\/\/www.grandraid-cathares.fr\/index.php\/materiels-obligatoires\/#primaryimage","url":"https:\/\/www.grandraid-cathares.fr\/wp-content\/uploads\/2025\/11\/logo-anneau-couleur-GRC-2026.png","contentUrl":"https:\/\/www.grandraid-cathares.fr\/wp-content\/uploads\/2025\/11\/logo-anneau-couleur-GRC-2026.png","width":600,"height":600},{"@type":"BreadcrumbList","@id":"https:\/\/www.grandraid-cathares.fr\/index.php\/materiels-obligatoires\/#breadcrumb","itemListElement":[{"@type":"ListItem","position":1,"name":"Accueil","item":"https:\/\/www.grandraid-cathares.fr\/"},{"@type":"ListItem","position":2,"name":"Mat\u00e9riels obligatoires"}]},{"@type":"WebSite","@id":"https:\/\/www.grandraid-cathares.fr\/#website","url":"https:\/\/www.grandraid-cathares.fr\/","name":"Grand Raid des Cathares","description":"","publisher":{"@id":"https:\/\/www.grandraid-cathares.fr\/#organization"},"potentialAction":[{"@type":"SearchAction","target":{"@type":"EntryPoint","urlTemplate":"https:\/\/www.grandraid-cathares.fr\/?s={search_term_string}"},"query-input":{"@type":"PropertyValueSpecification","valueRequired":true,"valueName":"search_term_string"}}],"inLanguage":"fr-FR"},{"@type":"Organization","@id":"https:\/\/www.grandraid-cathares.fr\/#organization","name":"Grand Raid des Cathares","url":"https:\/\/www.grandraid-cathares.fr\/","logo":{"@type":"ImageObject","inLanguage":"fr-FR","@id":"https:\/\/www.grandraid-cathares.fr\/#\/schema\/logo\/image\/","url":"https:\/\/www.grandraid-cathares.fr\/wp-content\/uploads\/2022\/12\/LOGO-GRC-noire-pour-site-.png","contentUrl":"https:\/\/www.grandraid-cathares.fr\/wp-content\/uploads\/2022\/12\/LOGO-GRC-noire-pour-site-.png","width":152,"height":150,"caption":"Grand Raid des Cathares"},"image":{"@id":"https:\/\/www.grandraid-cathares.fr\/#\/schema\/logo\/image\/"}}]}},"jetpack_sharing_enabled":true,"_links":{"self":[{"href":"https:\/\/www.grandraid-cathares.fr\/index.php\/wp-json\/wp\/v2\/pages\/2114","targetHints":{"allow":["GET"]}}],"collection":[{"href":"https:\/\/www.grandraid-cathares.fr\/index.php\/wp-json\/wp\/v2\/pages"}],"about":[{"href":"https:\/\/www.grandraid-cathares.fr\/index.php\/wp-json\/wp\/v2\/types\/page"}],"author":[{"embeddable":true,"href":"https:\/\/www.grandraid-cathares.fr\/index.php\/wp-json\/wp\/v2\/users\/2"}],"replies":[{"embeddable":true,"href":"https:\/\/www.grandraid-cathares.fr\/index.php\/wp-json\/wp\/v2\/comments?post=2114"}],"version-history":[{"count":40,"href":"https:\/\/www.grandraid-cathares.fr\/index.php\/wp-json\/wp\/v2\/pages\/2114\/revisions"}],"predecessor-version":[{"id":6936,"href":"https:\/\/www.grandraid-cathares.fr\/index.php\/wp-json\/wp\/v2\/pages\/2114\/revisions\/6936"}],"wp:attachment":[{"href":"https:\/\/www.grandraid-cathares.fr\/index.php\/wp-json\/wp\/v2\/media?parent=2114"}],"curies":[{"name":"wp","href":"https:\/\/api.w.org\/{rel}","templated":true}]}}