{"id":2116,"date":"2023-03-10T11:01:14","date_gmt":"2023-03-10T11:01:14","guid":{"rendered":"https:\/\/dwb-solutions.com\/GRC\/?page_id=2116"},"modified":"2026-03-26T10:01:49","modified_gmt":"2026-03-26T10:01:49","slug":"infos-pratiques","status":"publish","type":"page","link":"https:\/\/www.grandraid-cathares.fr\/index.php\/infos-pratiques\/","title":{"rendered":"Infos pratiques"},"content":{"rendered":"\t\t<div data-elementor-type=\"wp-page\" data-elementor-id=\"2116\" class=\"elementor elementor-2116\" data-elementor-post-type=\"page\">\n\t\t\t\t<div class=\"elementor-element elementor-element-73248c4 e-flex e-con-boxed e-con e-parent\" data-id=\"73248c4\" data-element_type=\"container\" data-e-type=\"container\" data-settings=\"{&quot;background_background&quot;:&quot;classic&quot;}\">\n\t\t\t\t\t<div class=\"e-con-inner\">\n\t\t\t\t\t<\/div>\n\t\t\t\t<\/div>\n\t\t\t\t<section class=\"elementor-section elementor-top-section elementor-element elementor-element-bb8fe37 elementor-section-height-min-height elementor-section-items-bottom elementor-section-content-middle elementor-section-boxed elementor-section-height-default\" data-id=\"bb8fe37\" data-element_type=\"section\" data-e-type=\"section\" data-settings=\"{&quot;background_background&quot;:&quot;classic&quot;}\">\n\t\t\t\t\t\t<div class=\"elementor-container elementor-column-gap-default\">\n\t\t\t\t\t<div class=\"elementor-column elementor-col-14 elementor-top-column elementor-element elementor-element-5ffff92\" data-id=\"5ffff92\" data-element_type=\"column\" data-e-type=\"column\">\n\t\t\t<div class=\"elementor-widget-wrap elementor-element-populated\">\n\t\t\t\t\t\t<div class=\"elementor-element elementor-element-61288b0 elementor-widget elementor-widget-image\" data-id=\"61288b0\" data-element_type=\"widget\" data-e-type=\"widget\" data-widget_type=\"image.default\">\n\t\t\t\t<div class=\"elementor-widget-container\">\n\t\t\t\t\t\t\t\t\t\t\t\t\t\t\t\t<a href=\"https:\/\/dwb-solutions.com\/GRC\/index.php\/grand-raid-des-cathares\/\">\n\t\t\t\t\t\t\t<img decoding=\"async\" width=\"150\" height=\"150\" src=\"https:\/\/www.grandraid-cathares.fr\/wp-content\/uploads\/2025\/11\/logo-anneau-couleur-GRC-2026-150x150.png\" class=\"elementor-animation-grow attachment-thumbnail size-thumbnail wp-image-6886\" alt=\"\" srcset=\"https:\/\/www.grandraid-cathares.fr\/wp-content\/uploads\/2025\/11\/logo-anneau-couleur-GRC-2026-150x150.png 150w, https:\/\/www.grandraid-cathares.fr\/wp-content\/uploads\/2025\/11\/logo-anneau-couleur-GRC-2026-300x300.png 300w, https:\/\/www.grandraid-cathares.fr\/wp-content\/uploads\/2025\/11\/logo-anneau-couleur-GRC-2026.png 600w\" sizes=\"(max-width: 150px) 100vw, 150px\" \/>\t\t\t\t\t\t\t\t<\/a>\n\t\t\t\t\t\t\t\t\t\t\t\t\t\t\t<\/div>\n\t\t\t\t<\/div>\n\t\t\t\t\t<\/div>\n\t\t<\/div>\n\t\t\t\t<div class=\"elementor-column elementor-col-14 elementor-top-column elementor-element elementor-element-594274c\" data-id=\"594274c\" data-element_type=\"column\" data-e-type=\"column\">\n\t\t\t<div class=\"elementor-widget-wrap elementor-element-populated\">\n\t\t\t\t\t\t<div class=\"elementor-element elementor-element-26602e3 elementor-widget elementor-widget-image\" data-id=\"26602e3\" data-element_type=\"widget\" data-e-type=\"widget\" data-widget_type=\"image.default\">\n\t\t\t\t<div class=\"elementor-widget-container\">\n\t\t\t\t\t\t\t\t\t\t\t\t\t\t\t\t<a href=\"https:\/\/dwb-solutions.com\/GRC\/index.php\/raid-des-bogomiles\/\">\n\t\t\t\t\t\t\t<img decoding=\"async\" width=\"150\" height=\"150\" src=\"https:\/\/www.grandraid-cathares.fr\/wp-content\/uploads\/2025\/11\/logo-anneau-couleur-RB-2026-150x150.png\" class=\"elementor-animation-grow attachment-thumbnail size-thumbnail wp-image-6888\" alt=\"\" srcset=\"https:\/\/www.grandraid-cathares.fr\/wp-content\/uploads\/2025\/11\/logo-anneau-couleur-RB-2026-150x150.png 150w, https:\/\/www.grandraid-cathares.fr\/wp-content\/uploads\/2025\/11\/logo-anneau-couleur-RB-2026-300x300.png 300w, https:\/\/www.grandraid-cathares.fr\/wp-content\/uploads\/2025\/11\/logo-anneau-couleur-RB-2026.png 600w\" sizes=\"(max-width: 150px) 100vw, 150px\" \/>\t\t\t\t\t\t\t\t<\/a>\n\t\t\t\t\t\t\t\t\t\t\t\t\t\t\t<\/div>\n\t\t\t\t<\/div>\n\t\t\t\t\t<\/div>\n\t\t<\/div>\n\t\t\t\t<div class=\"elementor-column elementor-col-14 elementor-top-column elementor-element elementor-element-203b019\" data-id=\"203b019\" data-element_type=\"column\" data-e-type=\"column\">\n\t\t\t<div class=\"elementor-widget-wrap elementor-element-populated\">\n\t\t\t\t\t\t<div class=\"elementor-element elementor-element-cfc0234 elementor-widget elementor-widget-image\" data-id=\"cfc0234\" data-element_type=\"widget\" data-e-type=\"widget\" data-widget_type=\"image.default\">\n\t\t\t\t<div class=\"elementor-widget-container\">\n\t\t\t\t\t\t\t\t\t\t\t\t\t\t\t\t<a href=\"https:\/\/dwb-solutions.com\/GRC\/index.php\/trail-des-heretiques\/\">\n\t\t\t\t\t\t\t<img decoding=\"async\" width=\"150\" height=\"150\" src=\"https:\/\/www.grandraid-cathares.fr\/wp-content\/uploads\/2025\/11\/logo-anneau-couleur-GTT-2026-150x150.png\" class=\"elementor-animation-grow attachment-thumbnail size-thumbnail wp-image-6887\" alt=\"\" srcset=\"https:\/\/www.grandraid-cathares.fr\/wp-content\/uploads\/2025\/11\/logo-anneau-couleur-GTT-2026-150x150.png 150w, https:\/\/www.grandraid-cathares.fr\/wp-content\/uploads\/2025\/11\/logo-anneau-couleur-GTT-2026-300x300.png 300w, https:\/\/www.grandraid-cathares.fr\/wp-content\/uploads\/2025\/11\/logo-anneau-couleur-GTT-2026.png 600w\" sizes=\"(max-width: 150px) 100vw, 150px\" \/>\t\t\t\t\t\t\t\t<\/a>\n\t\t\t\t\t\t\t\t\t\t\t\t\t\t\t<\/div>\n\t\t\t\t<\/div>\n\t\t\t\t\t<\/div>\n\t\t<\/div>\n\t\t\t\t<div class=\"elementor-column elementor-col-14 elementor-top-column elementor-element elementor-element-7eb3ae0\" data-id=\"7eb3ae0\" data-element_type=\"column\" data-e-type=\"column\">\n\t\t\t<div class=\"elementor-widget-wrap elementor-element-populated\">\n\t\t\t\t\t\t<div class=\"elementor-element elementor-element-ecd34d6 elementor-widget elementor-widget-image\" data-id=\"ecd34d6\" data-element_type=\"widget\" data-e-type=\"widget\" data-widget_type=\"image.default\">\n\t\t\t\t<div class=\"elementor-widget-container\">\n\t\t\t\t\t\t\t\t\t\t\t\t\t\t\t\t<a href=\"https:\/\/dwb-solutions.com\/GRC\/index.php\/trail-des-heretiques\/\">\n\t\t\t\t\t\t\t<img loading=\"lazy\" decoding=\"async\" width=\"150\" height=\"150\" src=\"https:\/\/www.grandraid-cathares.fr\/wp-content\/uploads\/2025\/11\/logo-anneau-couleur-TH-2026-150x150.png\" class=\"elementor-animation-grow attachment-thumbnail size-thumbnail wp-image-6889\" alt=\"\" srcset=\"https:\/\/www.grandraid-cathares.fr\/wp-content\/uploads\/2025\/11\/logo-anneau-couleur-TH-2026-150x150.png 150w, https:\/\/www.grandraid-cathares.fr\/wp-content\/uploads\/2025\/11\/logo-anneau-couleur-TH-2026-300x300.png 300w, https:\/\/www.grandraid-cathares.fr\/wp-content\/uploads\/2025\/11\/logo-anneau-couleur-TH-2026.png 600w\" sizes=\"(max-width: 150px) 100vw, 150px\" \/>\t\t\t\t\t\t\t\t<\/a>\n\t\t\t\t\t\t\t\t\t\t\t\t\t\t\t<\/div>\n\t\t\t\t<\/div>\n\t\t\t\t\t<\/div>\n\t\t<\/div>\n\t\t\t\t<div class=\"elementor-column elementor-col-14 elementor-top-column elementor-element elementor-element-584a719\" data-id=\"584a719\" data-element_type=\"column\" data-e-type=\"column\">\n\t\t\t<div class=\"elementor-widget-wrap elementor-element-populated\">\n\t\t\t\t\t\t<div class=\"elementor-element elementor-element-4abc3bf elementor-widget elementor-widget-image\" data-id=\"4abc3bf\" data-element_type=\"widget\" data-e-type=\"widget\" data-widget_type=\"image.default\">\n\t\t\t\t<div class=\"elementor-widget-container\">\n\t\t\t\t\t\t\t\t\t\t\t\t\t\t\t\t<a href=\"https:\/\/dwb-solutions.com\/GRC\/index.php\/trail-des-colombes\/\">\n\t\t\t\t\t\t\t<img loading=\"lazy\" decoding=\"async\" width=\"150\" height=\"150\" src=\"https:\/\/www.grandraid-cathares.fr\/wp-content\/uploads\/2025\/11\/logo_anneau_couleur_TC-2026-150x150.png\" class=\"elementor-animation-grow attachment-thumbnail size-thumbnail wp-image-6891\" alt=\"\" srcset=\"https:\/\/www.grandraid-cathares.fr\/wp-content\/uploads\/2025\/11\/logo_anneau_couleur_TC-2026-150x150.png 150w, https:\/\/www.grandraid-cathares.fr\/wp-content\/uploads\/2025\/11\/logo_anneau_couleur_TC-2026-300x300.png 300w, https:\/\/www.grandraid-cathares.fr\/wp-content\/uploads\/2025\/11\/logo_anneau_couleur_TC-2026.png 600w\" sizes=\"(max-width: 150px) 100vw, 150px\" \/>\t\t\t\t\t\t\t\t<\/a>\n\t\t\t\t\t\t\t\t\t\t\t\t\t\t\t<\/div>\n\t\t\t\t<\/div>\n\t\t\t\t\t<\/div>\n\t\t<\/div>\n\t\t\t\t<div class=\"elementor-column elementor-col-14 elementor-top-column elementor-element elementor-element-489ec2b\" data-id=\"489ec2b\" data-element_type=\"column\" data-e-type=\"column\">\n\t\t\t<div class=\"elementor-widget-wrap elementor-element-populated\">\n\t\t\t\t\t\t<div class=\"elementor-element elementor-element-0375ae0 elementor-widget elementor-widget-image\" data-id=\"0375ae0\" data-element_type=\"widget\" data-e-type=\"widget\" data-widget_type=\"image.default\">\n\t\t\t\t<div class=\"elementor-widget-container\">\n\t\t\t\t\t\t\t\t\t\t\t\t\t\t\t\t<a href=\"https:\/\/dwb-solutions.com\/GRC\/index.php\/trail-des-patarins\/\">\n\t\t\t\t\t\t\t<img loading=\"lazy\" decoding=\"async\" width=\"150\" height=\"150\" src=\"https:\/\/www.grandraid-cathares.fr\/wp-content\/uploads\/2025\/11\/Logo-anneau-couleur-TP-2026-150x150.png\" class=\"elementor-animation-grow attachment-thumbnail size-thumbnail wp-image-6904\" alt=\"\" srcset=\"https:\/\/www.grandraid-cathares.fr\/wp-content\/uploads\/2025\/11\/Logo-anneau-couleur-TP-2026-150x150.png 150w, https:\/\/www.grandraid-cathares.fr\/wp-content\/uploads\/2025\/11\/Logo-anneau-couleur-TP-2026-300x300.png 300w, https:\/\/www.grandraid-cathares.fr\/wp-content\/uploads\/2025\/11\/Logo-anneau-couleur-TP-2026.png 600w\" sizes=\"(max-width: 150px) 100vw, 150px\" \/>\t\t\t\t\t\t\t\t<\/a>\n\t\t\t\t\t\t\t\t\t\t\t\t\t\t\t<\/div>\n\t\t\t\t<\/div>\n\t\t\t\t\t<\/div>\n\t\t<\/div>\n\t\t\t\t<div class=\"elementor-column elementor-col-14 elementor-top-column elementor-element elementor-element-94993bb\" data-id=\"94993bb\" data-element_type=\"column\" data-e-type=\"column\">\n\t\t\t<div class=\"elementor-widget-wrap elementor-element-populated\">\n\t\t\t\t\t\t<div class=\"elementor-element elementor-element-a1a3066 elementor-widget elementor-widget-image\" data-id=\"a1a3066\" data-element_type=\"widget\" data-e-type=\"widget\" data-widget_type=\"image.default\">\n\t\t\t\t<div class=\"elementor-widget-container\">\n\t\t\t\t\t\t\t\t\t\t\t\t\t\t\t\t<a href=\"https:\/\/dwb-solutions.com\/GRC\/index.php\/trail-nocturne-du-chateau-comtal\/\">\n\t\t\t\t\t\t\t<img loading=\"lazy\" decoding=\"async\" width=\"150\" height=\"150\" src=\"https:\/\/www.grandraid-cathares.fr\/wp-content\/uploads\/2025\/11\/logo-anneau-couleur-TNCC-2026-150x150.png\" class=\"elementor-animation-grow attachment-thumbnail size-thumbnail wp-image-6890\" alt=\"\" srcset=\"https:\/\/www.grandraid-cathares.fr\/wp-content\/uploads\/2025\/11\/logo-anneau-couleur-TNCC-2026-150x150.png 150w, https:\/\/www.grandraid-cathares.fr\/wp-content\/uploads\/2025\/11\/logo-anneau-couleur-TNCC-2026-300x300.png 300w, https:\/\/www.grandraid-cathares.fr\/wp-content\/uploads\/2025\/11\/logo-anneau-couleur-TNCC-2026.png 600w\" sizes=\"(max-width: 150px) 100vw, 150px\" \/>\t\t\t\t\t\t\t\t<\/a>\n\t\t\t\t\t\t\t\t\t\t\t\t\t\t\t<\/div>\n\t\t\t\t<\/div>\n\t\t\t\t\t<\/div>\n\t\t<\/div>\n\t\t\t\t\t<\/div>\n\t\t<\/section>\n\t\t<div class=\"elementor-element elementor-element-729d2094 e-flex e-con-boxed e-con e-parent\" data-id=\"729d2094\" data-element_type=\"container\" data-e-type=\"container\">\n\t\t\t\t\t<div class=\"e-con-inner\">\n\t\t\t\t<div class=\"elementor-element elementor-element-2f67ebfc elementor-widget elementor-widget-text-editor\" data-id=\"2f67ebfc\" data-element_type=\"widget\" data-e-type=\"widget\" data-widget_type=\"text-editor.default\">\n\t\t\t\t<div class=\"elementor-widget-container\">\n\t\t\t\t\t\t\t\t\t<p><span style=\"text-decoration: underline;\"><strong>Stationnement<\/strong><\/span><\/p>\n<p><a href=\"https:\/\/www.carcassonne.org\/article-page\/stationnement\">Stationnement | Ville de Carcassonne<\/a><\/p>\n<p><a href=\"https:\/\/www.tourisme-carcassonne.fr\/pratique\/stationnement\/\">Stationnement &#8211; Office de tourisme de Carcassonne (tourisme-carcassonne.fr)<\/a><\/p>\n<p><span style=\"text-decoration: underline;\"><strong>Covoiturages<\/strong><\/span><\/p>\n<p><a href=\"https:\/\/www.tourisme-carcassonne.fr\/commerce-organisme\/aire-de-covoiturage\/\">AIRE DE COVOITURAGE &#8211; Office de tourisme de Carcassonne (tourisme-carcassonne.fr)<\/a><\/p>\n<p><!-- \/wp:paragraph --><\/p>\n<p><!-- wp:paragraph --><\/p>\n<p><span style=\"text-decoration: underline;\"><strong>Ou dormir ?<\/strong><\/span><\/p>\n<p>\u25ba<span style=\"color: #ff6600;\"><strong>Partenariat Groupe Appar&#8217;H\u00f4tel Cerise<\/strong><\/span><\/p>\n<p>A commander directement\u00a0 \u00a0Code : GRC2026<\/p>\n<p><a href=\"https:\/\/www.cerise-hotels-residences.com\/fr\/hotels-et-residences\/details\/carcassonne-sud\">https:\/\/www.cerise-hotels-residences.com\/fr\/hotels-et-residences\/details\/carcassonne-sud<\/a><\/p>\n<p>T\u00e9l: 04 68 26 20 10<\/p>\n<p>\u25ba<strong><span style=\"color: #ff6600;\">Partenariat Camping de la Cit\u00e9<\/span><\/strong><\/p>\n<p>A commander directement \u00a0 Code :\u00a0CDLCRUNNERS2026<\/p>\n<p><a href=\"https:\/\/campingcitecarcassonne.com\/\" target=\"_blank\" rel=\"noopener noreferrer\">https:\/\/campingcitecarcassonne.com\/<\/a><\/p>\n<p>T\u00e9l:\u00a004 68 10 01 00<\/p>\n<p>\u00a0<\/p>\n<p>\u25ba(H\u00f4tel ch\u00e2teau des Ducs de Joyeuse)<\/p>\n<ul>\n<li>Nuit d&#8217;H\u00f4tel 4*\u00a0\u00a0<a href=\"https:\/\/www.chateau-des-ducs.com\/fr\/hotel-restaurant-carcassonne\">~ Ch\u00e2teau des Ducs de Joyeuse | H\u00f4tel 4 \u00e9toiles dans l&#8217;Aude, Occitanie (chateau-des-ducs.com)<\/a><\/li>\n<\/ul>\n<p>Sur simple demande \u00e0 Vincent ou Isabelle<\/p>\n<ul>\n<li>All\u00e9e Georges Roux\u00a0 11190 Couiza<br \/>reception@chateau-des-ducs.com<br \/>T\u00e9l:\u00a0+33(0)4 68 74 23 50\u00a0<\/li>\n<\/ul>\n<div>\u00a0<\/div>\n<p>\u25baDormir dans les G\u00eetes autour du Parcours<a href=\"https:\/\/www.gites-de-france-aude.com\/\"><img loading=\"lazy\" decoding=\"async\" class=\"size-full wp-image-4473 aligncenter\" src=\"https:\/\/www.grandraid-cathares.fr\/wp-content\/uploads\/2024\/03\/aude-gite.jpg\" alt=\"GITE de l'aude\" width=\"181\" height=\"114\" \/><\/a><\/p>\n<ul>\n<li><a href=\"https:\/\/www.gites-de-france-aude.com\/\">https:\/\/www.gites-de-france-aude.com\/<\/a><\/li>\n<\/ul>\n<p>\u2666Pour tous renseignements : contactez les\u00a0offices du Tourisme\u00a0<\/p>\n<ul>\n<li><a href=\"https:\/\/www.tourisme-carcassonne.fr\/\">https:\/\/www.tourisme-carcassonne.fr\/<\/a><\/li>\n<li><a href=\"https:\/\/www.grand-carcassonne-tourisme.fr\/\">https:\/\/www.grand-carcassonne-tourisme.fr\/<\/a><\/li>\n<li><a href=\"http:\/\/www.tourisme-limoux-in-aude.fr\/\">http:\/\/www.tourisme-limoux-in-aude.fr\/<\/a><\/li>\n<\/ul>\n<p><!-- \/wp:paragraph --><\/p>\n<p><!-- wp:paragraph --><\/p>\n<p><span style=\"text-decoration: underline;\"><strong>Comment s&#8217;entrainer ?<\/strong><\/span><\/p>\n<p><!-- \/wp:paragraph --><\/p>\n<p><!-- wp:paragraph --><\/p>\n<p>Nous contacter<\/p>\n<p><!-- \/wp:paragraph --><\/p>\n<p><!-- wp:paragraph --><\/p>\n<p>Venir<\/p>\n<p><!-- \/wp:paragraph --><\/p>\t\t\t\t\t\t\t\t<\/div>\n\t\t\t\t<\/div>\n\t\t\t\t\t<\/div>\n\t\t\t\t<\/div>\n\t\t\t\t<\/div>\n\t\t","protected":false},"excerpt":{"rendered":"<p>Stationnement Stationnement | Ville de Carcassonne Stationnement &#8211; Office de tourisme de Carcassonne (tourisme-carcassonne.fr) Covoiturages AIRE DE COVOITURAGE &#8211; Office de tourisme de Carcassonne (tourisme-carcassonne.fr) Ou dormir ? \u25baPartenariat Groupe Appar&#8217;H\u00f4tel Cerise A commander directement\u00a0 \u00a0Code : GRC2026 https:\/\/www.cerise-hotels-residences.com\/fr\/hotels-et-residences\/details\/carcassonne-sud T\u00e9l: 04 68 26 20 10 \u25baPartenariat Camping de la Cit\u00e9 A commander directement \u00a0 Code [&hellip;]<\/p>\n","protected":false},"author":2,"featured_media":0,"parent":0,"menu_order":0,"comment_status":"closed","ping_status":"closed","template":"","meta":{"footnotes":""},"class_list":["post-2116","page","type-page","status-publish","hentry"],"yoast_head":"<!-- This site is optimized with the Yoast SEO plugin v27.4 - https:\/\/yoast.com\/product\/yoast-seo-wordpress\/ -->\n<title>Infos pratiques - Grand Raid des Cathares<\/title>\n<meta name=\"robots\" content=\"index, follow, max-snippet:-1, max-image-preview:large, max-video-preview:-1\" \/>\n<link rel=\"canonical\" href=\"https:\/\/www.grandraid-cathares.fr\/index.php\/infos-pratiques\/\" \/>\n<meta property=\"og:locale\" content=\"fr_FR\" \/>\n<meta property=\"og:type\" content=\"article\" \/>\n<meta property=\"og:title\" content=\"Infos pratiques - Grand Raid des Cathares\" \/>\n<meta property=\"og:description\" content=\"Stationnement Stationnement | Ville de Carcassonne Stationnement &#8211; Office de tourisme de Carcassonne (tourisme-carcassonne.fr) Covoiturages AIRE DE COVOITURAGE &#8211; Office de tourisme de Carcassonne (tourisme-carcassonne.fr) Ou dormir ? \u25baPartenariat Groupe Appar&#8217;H\u00f4tel Cerise A commander directement\u00a0 \u00a0Code : GRC2026 https:\/\/www.cerise-hotels-residences.com\/fr\/hotels-et-residences\/details\/carcassonne-sud T\u00e9l: 04 68 26 20 10 \u25baPartenariat Camping de la Cit\u00e9 A commander directement \u00a0 Code [&hellip;]\" \/>\n<meta property=\"og:url\" content=\"https:\/\/www.grandraid-cathares.fr\/index.php\/infos-pratiques\/\" \/>\n<meta property=\"og:site_name\" content=\"Grand Raid des Cathares\" \/>\n<meta property=\"article:modified_time\" content=\"2026-03-26T10:01:49+00:00\" \/>\n<meta property=\"og:image\" content=\"https:\/\/www.grandraid-cathares.fr\/wp-content\/uploads\/2025\/11\/logo-anneau-couleur-GRC-2026.png\" \/>\n\t<meta property=\"og:image:width\" content=\"600\" \/>\n\t<meta property=\"og:image:height\" content=\"600\" \/>\n\t<meta property=\"og:image:type\" content=\"image\/png\" \/>\n<meta name=\"twitter:card\" content=\"summary_large_image\" \/>\n<meta name=\"twitter:label1\" content=\"Dur\u00e9e de lecture estim\u00e9e\" \/>\n\t<meta name=\"twitter:data1\" content=\"3 minutes\" \/>\n<script type=\"application\/ld+json\" class=\"yoast-schema-graph\">{\"@context\":\"https:\\\/\\\/schema.org\",\"@graph\":[{\"@type\":\"WebPage\",\"@id\":\"https:\\\/\\\/www.grandraid-cathares.fr\\\/index.php\\\/infos-pratiques\\\/\",\"url\":\"https:\\\/\\\/www.grandraid-cathares.fr\\\/index.php\\\/infos-pratiques\\\/\",\"name\":\"Infos pratiques - Grand Raid des Cathares\",\"isPartOf\":{\"@id\":\"https:\\\/\\\/www.grandraid-cathares.fr\\\/#website\"},\"primaryImageOfPage\":{\"@id\":\"https:\\\/\\\/www.grandraid-cathares.fr\\\/index.php\\\/infos-pratiques\\\/#primaryimage\"},\"image\":{\"@id\":\"https:\\\/\\\/www.grandraid-cathares.fr\\\/index.php\\\/infos-pratiques\\\/#primaryimage\"},\"thumbnailUrl\":\"https:\\\/\\\/www.grandraid-cathares.fr\\\/wp-content\\\/uploads\\\/2025\\\/11\\\/logo-anneau-couleur-GRC-2026-150x150.png\",\"datePublished\":\"2023-03-10T11:01:14+00:00\",\"dateModified\":\"2026-03-26T10:01:49+00:00\",\"breadcrumb\":{\"@id\":\"https:\\\/\\\/www.grandraid-cathares.fr\\\/index.php\\\/infos-pratiques\\\/#breadcrumb\"},\"inLanguage\":\"fr-FR\",\"potentialAction\":[{\"@type\":\"ReadAction\",\"target\":[\"https:\\\/\\\/www.grandraid-cathares.fr\\\/index.php\\\/infos-pratiques\\\/\"]}]},{\"@type\":\"ImageObject\",\"inLanguage\":\"fr-FR\",\"@id\":\"https:\\\/\\\/www.grandraid-cathares.fr\\\/index.php\\\/infos-pratiques\\\/#primaryimage\",\"url\":\"https:\\\/\\\/www.grandraid-cathares.fr\\\/wp-content\\\/uploads\\\/2025\\\/11\\\/logo-anneau-couleur-GRC-2026.png\",\"contentUrl\":\"https:\\\/\\\/www.grandraid-cathares.fr\\\/wp-content\\\/uploads\\\/2025\\\/11\\\/logo-anneau-couleur-GRC-2026.png\",\"width\":600,\"height\":600},{\"@type\":\"BreadcrumbList\",\"@id\":\"https:\\\/\\\/www.grandraid-cathares.fr\\\/index.php\\\/infos-pratiques\\\/#breadcrumb\",\"itemListElement\":[{\"@type\":\"ListItem\",\"position\":1,\"name\":\"Accueil\",\"item\":\"https:\\\/\\\/www.grandraid-cathares.fr\\\/\"},{\"@type\":\"ListItem\",\"position\":2,\"name\":\"Infos pratiques\"}]},{\"@type\":\"WebSite\",\"@id\":\"https:\\\/\\\/www.grandraid-cathares.fr\\\/#website\",\"url\":\"https:\\\/\\\/www.grandraid-cathares.fr\\\/\",\"name\":\"Grand Raid des Cathares\",\"description\":\"\",\"publisher\":{\"@id\":\"https:\\\/\\\/www.grandraid-cathares.fr\\\/#organization\"},\"potentialAction\":[{\"@type\":\"SearchAction\",\"target\":{\"@type\":\"EntryPoint\",\"urlTemplate\":\"https:\\\/\\\/www.grandraid-cathares.fr\\\/?s={search_term_string}\"},\"query-input\":{\"@type\":\"PropertyValueSpecification\",\"valueRequired\":true,\"valueName\":\"search_term_string\"}}],\"inLanguage\":\"fr-FR\"},{\"@type\":\"Organization\",\"@id\":\"https:\\\/\\\/www.grandraid-cathares.fr\\\/#organization\",\"name\":\"Grand Raid des Cathares\",\"url\":\"https:\\\/\\\/www.grandraid-cathares.fr\\\/\",\"logo\":{\"@type\":\"ImageObject\",\"inLanguage\":\"fr-FR\",\"@id\":\"https:\\\/\\\/www.grandraid-cathares.fr\\\/#\\\/schema\\\/logo\\\/image\\\/\",\"url\":\"https:\\\/\\\/www.grandraid-cathares.fr\\\/wp-content\\\/uploads\\\/2022\\\/12\\\/LOGO-GRC-noire-pour-site-.png\",\"contentUrl\":\"https:\\\/\\\/www.grandraid-cathares.fr\\\/wp-content\\\/uploads\\\/2022\\\/12\\\/LOGO-GRC-noire-pour-site-.png\",\"width\":152,\"height\":150,\"caption\":\"Grand Raid des Cathares\"},\"image\":{\"@id\":\"https:\\\/\\\/www.grandraid-cathares.fr\\\/#\\\/schema\\\/logo\\\/image\\\/\"}}]}<\/script>\n<!-- \/ Yoast SEO plugin. -->","yoast_head_json":{"title":"Infos pratiques - Grand Raid des Cathares","robots":{"index":"index","follow":"follow","max-snippet":"max-snippet:-1","max-image-preview":"max-image-preview:large","max-video-preview":"max-video-preview:-1"},"canonical":"https:\/\/www.grandraid-cathares.fr\/index.php\/infos-pratiques\/","og_locale":"fr_FR","og_type":"article","og_title":"Infos pratiques - Grand Raid des Cathares","og_description":"Stationnement Stationnement | Ville de Carcassonne Stationnement &#8211; Office de tourisme de Carcassonne (tourisme-carcassonne.fr) Covoiturages AIRE DE COVOITURAGE &#8211; Office de tourisme de Carcassonne (tourisme-carcassonne.fr) Ou dormir ? \u25baPartenariat Groupe Appar&#8217;H\u00f4tel Cerise A commander directement\u00a0 \u00a0Code : GRC2026 https:\/\/www.cerise-hotels-residences.com\/fr\/hotels-et-residences\/details\/carcassonne-sud T\u00e9l: 04 68 26 20 10 \u25baPartenariat Camping de la Cit\u00e9 A commander directement \u00a0 Code [&hellip;]","og_url":"https:\/\/www.grandraid-cathares.fr\/index.php\/infos-pratiques\/","og_site_name":"Grand Raid des Cathares","article_modified_time":"2026-03-26T10:01:49+00:00","og_image":[{"width":600,"height":600,"url":"https:\/\/www.grandraid-cathares.fr\/wp-content\/uploads\/2025\/11\/logo-anneau-couleur-GRC-2026.png","type":"image\/png"}],"twitter_card":"summary_large_image","twitter_misc":{"Dur\u00e9e de lecture estim\u00e9e":"3 minutes"},"schema":{"@context":"https:\/\/schema.org","@graph":[{"@type":"WebPage","@id":"https:\/\/www.grandraid-cathares.fr\/index.php\/infos-pratiques\/","url":"https:\/\/www.grandraid-cathares.fr\/index.php\/infos-pratiques\/","name":"Infos pratiques - Grand Raid des Cathares","isPartOf":{"@id":"https:\/\/www.grandraid-cathares.fr\/#website"},"primaryImageOfPage":{"@id":"https:\/\/www.grandraid-cathares.fr\/index.php\/infos-pratiques\/#primaryimage"},"image":{"@id":"https:\/\/www.grandraid-cathares.fr\/index.php\/infos-pratiques\/#primaryimage"},"thumbnailUrl":"https:\/\/www.grandraid-cathares.fr\/wp-content\/uploads\/2025\/11\/logo-anneau-couleur-GRC-2026-150x150.png","datePublished":"2023-03-10T11:01:14+00:00","dateModified":"2026-03-26T10:01:49+00:00","breadcrumb":{"@id":"https:\/\/www.grandraid-cathares.fr\/index.php\/infos-pratiques\/#breadcrumb"},"inLanguage":"fr-FR","potentialAction":[{"@type":"ReadAction","target":["https:\/\/www.grandraid-cathares.fr\/index.php\/infos-pratiques\/"]}]},{"@type":"ImageObject","inLanguage":"fr-FR","@id":"https:\/\/www.grandraid-cathares.fr\/index.php\/infos-pratiques\/#primaryimage","url":"https:\/\/www.grandraid-cathares.fr\/wp-content\/uploads\/2025\/11\/logo-anneau-couleur-GRC-2026.png","contentUrl":"https:\/\/www.grandraid-cathares.fr\/wp-content\/uploads\/2025\/11\/logo-anneau-couleur-GRC-2026.png","width":600,"height":600},{"@type":"BreadcrumbList","@id":"https:\/\/www.grandraid-cathares.fr\/index.php\/infos-pratiques\/#breadcrumb","itemListElement":[{"@type":"ListItem","position":1,"name":"Accueil","item":"https:\/\/www.grandraid-cathares.fr\/"},{"@type":"ListItem","position":2,"name":"Infos pratiques"}]},{"@type":"WebSite","@id":"https:\/\/www.grandraid-cathares.fr\/#website","url":"https:\/\/www.grandraid-cathares.fr\/","name":"Grand Raid des Cathares","description":"","publisher":{"@id":"https:\/\/www.grandraid-cathares.fr\/#organization"},"potentialAction":[{"@type":"SearchAction","target":{"@type":"EntryPoint","urlTemplate":"https:\/\/www.grandraid-cathares.fr\/?s={search_term_string}"},"query-input":{"@type":"PropertyValueSpecification","valueRequired":true,"valueName":"search_term_string"}}],"inLanguage":"fr-FR"},{"@type":"Organization","@id":"https:\/\/www.grandraid-cathares.fr\/#organization","name":"Grand Raid des Cathares","url":"https:\/\/www.grandraid-cathares.fr\/","logo":{"@type":"ImageObject","inLanguage":"fr-FR","@id":"https:\/\/www.grandraid-cathares.fr\/#\/schema\/logo\/image\/","url":"https:\/\/www.grandraid-cathares.fr\/wp-content\/uploads\/2022\/12\/LOGO-GRC-noire-pour-site-.png","contentUrl":"https:\/\/www.grandraid-cathares.fr\/wp-content\/uploads\/2022\/12\/LOGO-GRC-noire-pour-site-.png","width":152,"height":150,"caption":"Grand Raid des Cathares"},"image":{"@id":"https:\/\/www.grandraid-cathares.fr\/#\/schema\/logo\/image\/"}}]}},"jetpack_sharing_enabled":true,"_links":{"self":[{"href":"https:\/\/www.grandraid-cathares.fr\/index.php\/wp-json\/wp\/v2\/pages\/2116","targetHints":{"allow":["GET"]}}],"collection":[{"href":"https:\/\/www.grandraid-cathares.fr\/index.php\/wp-json\/wp\/v2\/pages"}],"about":[{"href":"https:\/\/www.grandraid-cathares.fr\/index.php\/wp-json\/wp\/v2\/types\/page"}],"author":[{"embeddable":true,"href":"https:\/\/www.grandraid-cathares.fr\/index.php\/wp-json\/wp\/v2\/users\/2"}],"replies":[{"embeddable":true,"href":"https:\/\/www.grandraid-cathares.fr\/index.php\/wp-json\/wp\/v2\/comments?post=2116"}],"version-history":[{"count":56,"href":"https:\/\/www.grandraid-cathares.fr\/index.php\/wp-json\/wp\/v2\/pages\/2116\/revisions"}],"predecessor-version":[{"id":7338,"href":"https:\/\/www.grandraid-cathares.fr\/index.php\/wp-json\/wp\/v2\/pages\/2116\/revisions\/7338"}],"wp:attachment":[{"href":"https:\/\/www.grandraid-cathares.fr\/index.php\/wp-json\/wp\/v2\/media?parent=2116"}],"curies":[{"name":"wp","href":"https:\/\/api.w.org\/{rel}","templated":true}]}}