{"id":3831,"date":"2024-02-09T08:14:35","date_gmt":"2024-02-09T08:14:35","guid":{"rendered":"https:\/\/dwb-solutions.com\/GRC\/?page_id=3831"},"modified":"2024-02-19T14:08:27","modified_gmt":"2024-02-19T14:08:27","slug":"mentions-legales","status":"publish","type":"page","link":"https:\/\/www.grandraid-cathares.fr\/index.php\/mentions-legales\/","title":{"rendered":"Mentions L\u00e9gales"},"content":{"rendered":"\t\t<div data-elementor-type=\"wp-page\" data-elementor-id=\"3831\" class=\"elementor elementor-3831\" data-elementor-post-type=\"page\">\n\t\t\t\t\t\t<section class=\"elementor-section elementor-top-section elementor-element elementor-element-414f85b elementor-section-height-min-height elementor-section-items-bottom elementor-section-content-middle elementor-section-boxed elementor-section-height-default\" data-id=\"414f85b\" data-element_type=\"section\" data-e-type=\"section\" data-settings=\"{&quot;background_background&quot;:&quot;classic&quot;}\">\n\t\t\t\t\t\t<div class=\"elementor-container elementor-column-gap-default\">\n\t\t\t\t\t<div class=\"elementor-column elementor-col-100 elementor-top-column elementor-element elementor-element-fb1ebf7\" data-id=\"fb1ebf7\" data-element_type=\"column\" data-e-type=\"column\">\n\t\t\t<div class=\"elementor-widget-wrap\">\n\t\t\t\t\t\t\t<\/div>\n\t\t<\/div>\n\t\t\t\t\t<\/div>\n\t\t<\/section>\n\t\t<div class=\"elementor-element elementor-element-47587b1 e-flex e-con-boxed e-con e-parent\" data-id=\"47587b1\" data-element_type=\"container\" data-e-type=\"container\">\n\t\t\t\t\t<div class=\"e-con-inner\">\n\t\t\t\t<div class=\"elementor-element elementor-element-3aa11ed elementor-widget elementor-widget-heading\" data-id=\"3aa11ed\" data-element_type=\"widget\" data-e-type=\"widget\" data-widget_type=\"heading.default\">\n\t\t\t\t<div class=\"elementor-widget-container\">\n\t\t\t\t\t<h2 class=\"elementor-heading-title elementor-size-default\">MENTIONS L\u00c9GALES<\/h2>\t\t\t\t<\/div>\n\t\t\t\t<\/div>\n\t\t\t\t<div class=\"elementor-element elementor-element-2b7f3f2 elementor-widget elementor-widget-text-editor\" data-id=\"2b7f3f2\" data-element_type=\"widget\" data-e-type=\"widget\" data-widget_type=\"text-editor.default\">\n\t\t\t\t<div class=\"elementor-widget-container\">\n\t\t\t\t\t\t\t\t\t<h4>1. Informations l\u00e9gales<\/h4><p>Conform\u00e9ment aux dispositions des articles 6-III et 19 de la loi pour la Confiance dans l&#8217;\u00c9conomie Num\u00e9rique, nous vous informons que:<\/p><ul><li>Le directeur de la publication du site web &#8220;www.grandraid-cathares.fr&#8221; est Mr. Michel\u00a0 Jorge\u00a0<\/li><li>La personne morale propr\u00e9taire du site est l&#8217;association\u00a0GRAND RAID DES CATHARES\u00ae (R.N.A. : W111003683)<\/li><li>Le prestataire assurant le stockage direct et permanent est\u00b7:<\/li><\/ul><p>OVH SAS est une filiale de la soci\u00e9t\u00e9 OVH Groupe SAS, soci\u00e9t\u00e9 immatricul\u00e9e au RCS de Lille sous le num\u00e9ro 537 407 926 sise 2, rue Kellermann, 59100 Roubaix<\/p><h4>2. Limitation de responsabilit\u00e9<\/h4><p>L&#8217;utilisateur reconna\u00eet avoir pris connaissance des pr\u00e9sentes conditions d&#8217;utilisation et s&#8217;engage \u00e0 les respecter.<\/p><p>L&#8217;utilisateur du site internet &#8220;www.grandraid-cathares.fr&#8221; reconna\u00eet disposer de la comp\u00e9tence et des moyens n\u00e9cessaires pour acc\u00e9der et utiliser ce site.<\/p><p>L&#8217;utilisateur du site internet &#8220;www.grandraid-cathares.fr&#8221; reconna\u00eet avoir v\u00e9rifi\u00e9 que la configuration informatique utilis\u00e9e ne contient aucun virus et qu&#8217;elle est en parfait \u00e9tat de fonctionnement.<\/p><p>L&#8217;association \u00ab G.R.C. \u00bb met tout en \u0153uvre pour offrir aux utilisateurs des informations et\/ou des outils disponibles et v\u00e9rifi\u00e9s mais ne saurait \u00eatre tenue pour responsable des erreurs, d&#8217;une absence de disponibilit\u00e9 des fonctionnalit\u00e9s et\/ou de la pr\u00e9sence de virus sur son site.<\/p><p>Les informations fournies par l&#8217;association \u00ab G.R.C. \u00bb le sont \u00e0 titre indicatif et ne sauraient dispenser l&#8217;utilisateur d&#8217;une analyse compl\u00e9mentaire et personnalis\u00e9e.<\/p><p>L&#8217;association \u00ab G.R.C. \u00bb ne saurait garantir l&#8217;exactitude, la compl\u00e9tude, l&#8217;actualit\u00e9 des informations diffus\u00e9es sur son site.<\/p><p>En cons\u00e9quence, l&#8217;utilisateur reconna\u00eet utiliser ces informations sous sa responsabilit\u00e9 exclusive.<\/p><h4>3. Informatique et Libert\u00e9s<\/h4><p>Les traitements automatis\u00e9s de donn\u00e9es nominatives r\u00e9alis\u00e9s \u00e0 partir du site web &#8220;www.grandraid-cathares.fr&#8221; ont \u00e9t\u00e9 trait\u00e9s en conformit\u00e9 avec les exigences de la loi n\u00b078-17 du 6 janvier 1978 modifi\u00e9e, relative \u00e0 l&#8217;informatique, aux fichiers et aux libert\u00e9s.<\/p><p>L&#8217;utilisateur est notamment inform\u00e9 que conform\u00e9ment \u00e0 l&#8217;article 32 de la loi n\u00b078-17 du 6 janvier 1978 modifi\u00e9e, relative \u00e0 l&#8217;informatique, aux fichiers et aux libert\u00e9s, les informations qu&#8217;il communique par le biais des formulaires pr\u00e9sents sur le site sont n\u00e9cessaires pour r\u00e9pondre \u00e0 sa demande et sont destin\u00e9es \u00e0 l&#8217;association \u00ab G.R.C. \u00bb, en tant que responsable du traitement \u00e0 des fins de gestion administrative et commerciale.<\/p><p>L&#8217;utilisateur est inform\u00e9 qu&#8217;il dispose d&#8217;un droit d&#8217;acc\u00e8s, d&#8217;interrogation et de rectification qui lui permet, le cas \u00e9ch\u00e9ant, de faire rectifier, compl\u00e9ter, mettre \u00e0 jour, verrouiller ou effacer les donn\u00e9es personnelles le concernant qui sont inexactes, incompl\u00e8tes, \u00e9quivoques, p\u00e9rim\u00e9es ou dont la collecte, l&#8217;utilisation, la communication ou la conservation est interdite.<\/p><p>L&#8217;utilisateur dispose \u00e9galement d&#8217;un droit d&#8217;opposition au traitement de ses donn\u00e9es pour des motifs l\u00e9gitimes ainsi qu&#8217;un droit d&#8217;opposition \u00e0 ce que ces donn\u00e9es soient utilis\u00e9es \u00e0 des fins de prospection commerciale.<\/p><p>L&#8217;ensemble de ces droits s&#8217;exerce aupr\u00e8s de l&#8217;association \u00ab G.R.C. \u00bb par courrier accompagn\u00e9 d&#8217;une copie d&#8217;un titre d&#8217;identit\u00e9 comportant une signature \u00e0 adresser \u00e0 :<\/p><blockquote><p>Association GRAND RAID DES CATHARES\u00ae<br \/>8 rue camille saint saens 11000 Carcassonne<\/p><\/blockquote><h4>4. Cookies<\/h4><p>L&#8217;utilisateur est inform\u00e9 que lors de ses visites sur le site, un cookie peut s&#8217;installer automatiquement sur son logiciel de navigation.<br \/>Le cookie est un bloc de donn\u00e9es qui ne permet pas d&#8217;identifier les utilisateurs mais sert \u00e0 enregistrer des informations relatives \u00e0 la navigation de celui-ci sur le site.<br \/>Le param\u00e9trage du logiciel de navigation permet d&#8217;informer de la pr\u00e9sence de cookie et \u00e9ventuellement, de la refuser de la mani\u00e8re d\u00e9crite \u00e0 l&#8217;adresse suivante.<\/p><p>L&#8217;utilisateur dispose de l&#8217;ensemble des droits susvis\u00e9s s&#8217;agissant des donn\u00e9es \u00e0 caract\u00e8re personnel communiqu\u00e9es par le biais des cookies dans les conditions indiqu\u00e9es ci-dessus.<\/p><p>Les utilisateurs du site internet &#8220;www.grandraid-cathares.fr&#8221; sont tenus de respecter les dispositions de la loi n\u00b078-17 du 6 janvier 1978 modifi\u00e9e, relative \u00e0 l&#8217;informatique, aux fichiers et aux libert\u00e9s, dont la violation est passible de sanctions p\u00e9nales.<\/p><p>Ils doivent notamment s&#8217;abstenir, s&#8217;agissant des informations \u00e0 caract\u00e8re personnel auxquelles ils acc\u00e8dent ou pourraient acc\u00e9der, de toute collecte, de toute utilisation d\u00e9tourn\u00e9e d&#8217;une mani\u00e8re g\u00e9n\u00e9rale, de tout acte susceptible de porter atteinte \u00e0 la vie priv\u00e9e ou \u00e0 la r\u00e9putation des personnes.<\/p><h4>5. Propri\u00e9t\u00e9 intellectuelle<\/h4><p>Sauf mention explicite contraire, la structure g\u00e9n\u00e9rale ainsi que les logiciels, textes, images anim\u00e9es ou non, son savoir-faire et tous les autres \u00e9l\u00e9ments composant le site sont la propri\u00e9t\u00e9 exclusive de l&#8217;association \u00ab G.R.C. \u00bb.<\/p><p>Toute repr\u00e9sentation totale ou partielle de ce site par quelle que personne que ce soit, sans l&#8217;autorisation expresse de l&#8217;association \u00ab G.R.C. \u00bb est interdite et constituerait une contrefa\u00e7on sanctionn\u00e9e par les articles L. 335-2 et suivants du Code de la propri\u00e9t\u00e9 intellectuelle.<\/p><p>Il en est de m\u00eame des bases de donn\u00e9es figurant, le cas \u00e9ch\u00e9ant sur le site web qui sont prot\u00e9g\u00e9es par les dispositions de la loi du 1er juillet 1998 portant transposition dans le Code de la propri\u00e9t\u00e9 intellectuelle de la directive du 11 mars 1996 relative \u00e0 la protection juridique des bases de donn\u00e9es, et dont l&#8217;association \u00ab G.R.C. \u00bb est producteur.<\/p><p>L&#8217;association \u00ab G.R.C. \u00bb ne saurait \u00eatre responsable de l&#8217;acc\u00e8s par les utilisateurs via les liens hypertextes mis en place dans le cadre du site internet en direction d&#8217;autres ressources pr\u00e9sentes sur le r\u00e9seau.<\/p><p>Tout litige en relation avec l&#8217;utilisation du site &#8220;www.grandraid-cathares.fr&#8221; est soumis au droit fran\u00e7ais. L&#8217;utilisateur reconna\u00eet la comp\u00e9tence exclusive des tribunaux comp\u00e9tents de Paris.<\/p>\t\t\t\t\t\t\t\t<\/div>\n\t\t\t\t<\/div>\n\t\t\t\t\t<\/div>\n\t\t\t\t<\/div>\n\t\t\t\t<\/div>\n\t\t","protected":false},"excerpt":{"rendered":"<p>MENTIONS L\u00c9GALES 1. Informations l\u00e9gales Conform\u00e9ment aux dispositions des articles 6-III et 19 de la loi pour la Confiance dans l&#8217;\u00c9conomie Num\u00e9rique, nous vous informons que: Le directeur de la publication du site web &#8220;www.grandraid-cathares.fr&#8221; est Mr. Michel\u00a0 Jorge\u00a0 La personne morale propr\u00e9taire du site est l&#8217;association\u00a0GRAND RAID DES CATHARES\u00ae (R.N.A. : W111003683) Le prestataire [&hellip;]<\/p>\n","protected":false},"author":2,"featured_media":0,"parent":0,"menu_order":0,"comment_status":"closed","ping_status":"closed","template":"","meta":{"footnotes":""},"class_list":["post-3831","page","type-page","status-publish","hentry"],"yoast_head":"<!-- This site is optimized with the Yoast SEO plugin v27.5 - https:\/\/yoast.com\/product\/yoast-seo-wordpress\/ -->\n<title>Mentions L\u00e9gales - Grand Raid des Cathares<\/title>\n<meta name=\"description\" content=\"Ici les mentions l\u00e9gales du site internet de l&#039;\u00e9v\u00e9nement du Grand Raid des Cathares. Association \u00e0 but non lucratif.\" \/>\n<meta name=\"robots\" content=\"index, follow, max-snippet:-1, max-image-preview:large, max-video-preview:-1\" \/>\n<link rel=\"canonical\" href=\"https:\/\/www.grandraid-cathares.fr\/index.php\/mentions-legales\/\" \/>\n<meta property=\"og:locale\" content=\"fr_FR\" \/>\n<meta property=\"og:type\" content=\"article\" \/>\n<meta property=\"og:title\" content=\"Mentions L\u00e9gales - Grand Raid des Cathares\" \/>\n<meta property=\"og:description\" content=\"Ici les mentions l\u00e9gales du site internet de l&#039;\u00e9v\u00e9nement du Grand Raid des Cathares. Association \u00e0 but non lucratif.\" \/>\n<meta property=\"og:url\" content=\"https:\/\/www.grandraid-cathares.fr\/index.php\/mentions-legales\/\" \/>\n<meta property=\"og:site_name\" content=\"Grand Raid des Cathares\" \/>\n<meta property=\"article:modified_time\" content=\"2024-02-19T14:08:27+00:00\" \/>\n<meta name=\"twitter:card\" content=\"summary_large_image\" \/>\n<meta name=\"twitter:label1\" content=\"Dur\u00e9e de lecture estim\u00e9e\" \/>\n\t<meta name=\"twitter:data1\" content=\"5 minutes\" \/>\n<script type=\"application\/ld+json\" class=\"yoast-schema-graph\">{\"@context\":\"https:\\\/\\\/schema.org\",\"@graph\":[{\"@type\":\"WebPage\",\"@id\":\"https:\\\/\\\/www.grandraid-cathares.fr\\\/index.php\\\/mentions-legales\\\/\",\"url\":\"https:\\\/\\\/www.grandraid-cathares.fr\\\/index.php\\\/mentions-legales\\\/\",\"name\":\"Mentions L\u00e9gales - Grand Raid des Cathares\",\"isPartOf\":{\"@id\":\"https:\\\/\\\/www.grandraid-cathares.fr\\\/#website\"},\"datePublished\":\"2024-02-09T08:14:35+00:00\",\"dateModified\":\"2024-02-19T14:08:27+00:00\",\"description\":\"Ici les mentions l\u00e9gales du site internet de l'\u00e9v\u00e9nement du Grand Raid des Cathares. Association \u00e0 but non lucratif.\",\"breadcrumb\":{\"@id\":\"https:\\\/\\\/www.grandraid-cathares.fr\\\/index.php\\\/mentions-legales\\\/#breadcrumb\"},\"inLanguage\":\"fr-FR\",\"potentialAction\":[{\"@type\":\"ReadAction\",\"target\":[\"https:\\\/\\\/www.grandraid-cathares.fr\\\/index.php\\\/mentions-legales\\\/\"]}]},{\"@type\":\"BreadcrumbList\",\"@id\":\"https:\\\/\\\/www.grandraid-cathares.fr\\\/index.php\\\/mentions-legales\\\/#breadcrumb\",\"itemListElement\":[{\"@type\":\"ListItem\",\"position\":1,\"name\":\"Accueil\",\"item\":\"https:\\\/\\\/www.grandraid-cathares.fr\\\/\"},{\"@type\":\"ListItem\",\"position\":2,\"name\":\"Mentions L\u00e9gales\"}]},{\"@type\":\"WebSite\",\"@id\":\"https:\\\/\\\/www.grandraid-cathares.fr\\\/#website\",\"url\":\"https:\\\/\\\/www.grandraid-cathares.fr\\\/\",\"name\":\"Grand Raid des Cathares\",\"description\":\"\",\"publisher\":{\"@id\":\"https:\\\/\\\/www.grandraid-cathares.fr\\\/#organization\"},\"potentialAction\":[{\"@type\":\"SearchAction\",\"target\":{\"@type\":\"EntryPoint\",\"urlTemplate\":\"https:\\\/\\\/www.grandraid-cathares.fr\\\/?s={search_term_string}\"},\"query-input\":{\"@type\":\"PropertyValueSpecification\",\"valueRequired\":true,\"valueName\":\"search_term_string\"}}],\"inLanguage\":\"fr-FR\"},{\"@type\":\"Organization\",\"@id\":\"https:\\\/\\\/www.grandraid-cathares.fr\\\/#organization\",\"name\":\"Grand Raid des Cathares\",\"url\":\"https:\\\/\\\/www.grandraid-cathares.fr\\\/\",\"logo\":{\"@type\":\"ImageObject\",\"inLanguage\":\"fr-FR\",\"@id\":\"https:\\\/\\\/www.grandraid-cathares.fr\\\/#\\\/schema\\\/logo\\\/image\\\/\",\"url\":\"https:\\\/\\\/www.grandraid-cathares.fr\\\/wp-content\\\/uploads\\\/2022\\\/12\\\/LOGO-GRC-noire-pour-site-.png\",\"contentUrl\":\"https:\\\/\\\/www.grandraid-cathares.fr\\\/wp-content\\\/uploads\\\/2022\\\/12\\\/LOGO-GRC-noire-pour-site-.png\",\"width\":152,\"height\":150,\"caption\":\"Grand Raid des Cathares\"},\"image\":{\"@id\":\"https:\\\/\\\/www.grandraid-cathares.fr\\\/#\\\/schema\\\/logo\\\/image\\\/\"}}]}<\/script>\n<!-- \/ Yoast SEO plugin. -->","yoast_head_json":{"title":"Mentions L\u00e9gales - Grand Raid des Cathares","description":"Ici les mentions l\u00e9gales du site internet de l'\u00e9v\u00e9nement du Grand Raid des Cathares. Association \u00e0 but non lucratif.","robots":{"index":"index","follow":"follow","max-snippet":"max-snippet:-1","max-image-preview":"max-image-preview:large","max-video-preview":"max-video-preview:-1"},"canonical":"https:\/\/www.grandraid-cathares.fr\/index.php\/mentions-legales\/","og_locale":"fr_FR","og_type":"article","og_title":"Mentions L\u00e9gales - Grand Raid des Cathares","og_description":"Ici les mentions l\u00e9gales du site internet de l'\u00e9v\u00e9nement du Grand Raid des Cathares. Association \u00e0 but non lucratif.","og_url":"https:\/\/www.grandraid-cathares.fr\/index.php\/mentions-legales\/","og_site_name":"Grand Raid des Cathares","article_modified_time":"2024-02-19T14:08:27+00:00","twitter_card":"summary_large_image","twitter_misc":{"Dur\u00e9e de lecture estim\u00e9e":"5 minutes"},"schema":{"@context":"https:\/\/schema.org","@graph":[{"@type":"WebPage","@id":"https:\/\/www.grandraid-cathares.fr\/index.php\/mentions-legales\/","url":"https:\/\/www.grandraid-cathares.fr\/index.php\/mentions-legales\/","name":"Mentions L\u00e9gales - Grand Raid des Cathares","isPartOf":{"@id":"https:\/\/www.grandraid-cathares.fr\/#website"},"datePublished":"2024-02-09T08:14:35+00:00","dateModified":"2024-02-19T14:08:27+00:00","description":"Ici les mentions l\u00e9gales du site internet de l'\u00e9v\u00e9nement du Grand Raid des Cathares. Association \u00e0 but non lucratif.","breadcrumb":{"@id":"https:\/\/www.grandraid-cathares.fr\/index.php\/mentions-legales\/#breadcrumb"},"inLanguage":"fr-FR","potentialAction":[{"@type":"ReadAction","target":["https:\/\/www.grandraid-cathares.fr\/index.php\/mentions-legales\/"]}]},{"@type":"BreadcrumbList","@id":"https:\/\/www.grandraid-cathares.fr\/index.php\/mentions-legales\/#breadcrumb","itemListElement":[{"@type":"ListItem","position":1,"name":"Accueil","item":"https:\/\/www.grandraid-cathares.fr\/"},{"@type":"ListItem","position":2,"name":"Mentions L\u00e9gales"}]},{"@type":"WebSite","@id":"https:\/\/www.grandraid-cathares.fr\/#website","url":"https:\/\/www.grandraid-cathares.fr\/","name":"Grand Raid des Cathares","description":"","publisher":{"@id":"https:\/\/www.grandraid-cathares.fr\/#organization"},"potentialAction":[{"@type":"SearchAction","target":{"@type":"EntryPoint","urlTemplate":"https:\/\/www.grandraid-cathares.fr\/?s={search_term_string}"},"query-input":{"@type":"PropertyValueSpecification","valueRequired":true,"valueName":"search_term_string"}}],"inLanguage":"fr-FR"},{"@type":"Organization","@id":"https:\/\/www.grandraid-cathares.fr\/#organization","name":"Grand Raid des Cathares","url":"https:\/\/www.grandraid-cathares.fr\/","logo":{"@type":"ImageObject","inLanguage":"fr-FR","@id":"https:\/\/www.grandraid-cathares.fr\/#\/schema\/logo\/image\/","url":"https:\/\/www.grandraid-cathares.fr\/wp-content\/uploads\/2022\/12\/LOGO-GRC-noire-pour-site-.png","contentUrl":"https:\/\/www.grandraid-cathares.fr\/wp-content\/uploads\/2022\/12\/LOGO-GRC-noire-pour-site-.png","width":152,"height":150,"caption":"Grand Raid des Cathares"},"image":{"@id":"https:\/\/www.grandraid-cathares.fr\/#\/schema\/logo\/image\/"}}]}},"jetpack_sharing_enabled":true,"_links":{"self":[{"href":"https:\/\/www.grandraid-cathares.fr\/index.php\/wp-json\/wp\/v2\/pages\/3831","targetHints":{"allow":["GET"]}}],"collection":[{"href":"https:\/\/www.grandraid-cathares.fr\/index.php\/wp-json\/wp\/v2\/pages"}],"about":[{"href":"https:\/\/www.grandraid-cathares.fr\/index.php\/wp-json\/wp\/v2\/types\/page"}],"author":[{"embeddable":true,"href":"https:\/\/www.grandraid-cathares.fr\/index.php\/wp-json\/wp\/v2\/users\/2"}],"replies":[{"embeddable":true,"href":"https:\/\/www.grandraid-cathares.fr\/index.php\/wp-json\/wp\/v2\/comments?post=3831"}],"version-history":[{"count":19,"href":"https:\/\/www.grandraid-cathares.fr\/index.php\/wp-json\/wp\/v2\/pages\/3831\/revisions"}],"predecessor-version":[{"id":3993,"href":"https:\/\/www.grandraid-cathares.fr\/index.php\/wp-json\/wp\/v2\/pages\/3831\/revisions\/3993"}],"wp:attachment":[{"href":"https:\/\/www.grandraid-cathares.fr\/index.php\/wp-json\/wp\/v2\/media?parent=3831"}],"curies":[{"name":"wp","href":"https:\/\/api.w.org\/{rel}","templated":true}]}}